{"id":2094,"date":"2021-11-22T08:07:45","date_gmt":"2021-11-22T08:07:45","guid":{"rendered":"https:\/\/infinitydubai.developallin.com\/?post_type=product&#038;p=2094"},"modified":"2022-05-24T12:23:22","modified_gmt":"2022-05-24T12:23:22","slug":"ruby-and-diamond-drop-necklace-in-18k-white-gold","status":"publish","type":"product","link":"https:\/\/infinitydubai.eu\/en\/jewel\/ruby-and-diamond-drop-necklace-in-18k-white-gold\/","title":{"rendered":"Ruby and Diamond Drop Necklace in 18k White Gold"},"content":{"rendered":"<p><span data-sheets-value=\"{&quot;1&quot;:2,&quot;2&quot;:&quot;Ruby and Diamond Drop Necklace in 18K White Gold&quot;}\" data-sheets-userformat=\"{&quot;2&quot;:14781,&quot;3&quot;:{&quot;1&quot;:0,&quot;3&quot;:1},&quot;5&quot;:{&quot;1&quot;:[{&quot;1&quot;:2,&quot;2&quot;:0,&quot;5&quot;:{&quot;1&quot;:2,&quot;2&quot;:0}},{&quot;1&quot;:0,&quot;2&quot;:0,&quot;3&quot;:3},{&quot;1&quot;:1,&quot;2&quot;:0,&quot;4&quot;:1}]},&quot;6&quot;:{&quot;1&quot;:[{&quot;1&quot;:2,&quot;2&quot;:0,&quot;5&quot;:{&quot;1&quot;:2,&quot;2&quot;:0}},{&quot;1&quot;:0,&quot;2&quot;:0,&quot;3&quot;:3},{&quot;1&quot;:1,&quot;2&quot;:0,&quot;4&quot;:1}]},&quot;7&quot;:{&quot;1&quot;:[{&quot;1&quot;:2,&quot;2&quot;:0,&quot;5&quot;:{&quot;1&quot;:2,&quot;2&quot;:0}},{&quot;1&quot;:0,&quot;2&quot;:0,&quot;3&quot;:3},{&quot;1&quot;:1,&quot;2&quot;:0,&quot;4&quot;:1}]},&quot;8&quot;:{&quot;1&quot;:[{&quot;1&quot;:2,&quot;2&quot;:0,&quot;5&quot;:{&quot;1&quot;:2,&quot;2&quot;:0}},{&quot;1&quot;:0,&quot;2&quot;:0,&quot;3&quot;:3},{&quot;1&quot;:1,&quot;2&quot;:0,&quot;4&quot;:1}]},&quot;10&quot;:1,&quot;11&quot;:4,&quot;14&quot;:{&quot;1&quot;:3,&quot;3&quot;:1},&quot;15&quot;:&quot;Calibri&quot;,&quot;16&quot;:9}\">Ruby and Diamond Drop Necklace is now available in\u00a0<a href=\"https:\/\/g.page\/InfinityDubaiSL?share\">Infinity Dubai \u2013 Barcelona<\/a> Store. Natural Ruby and Diamond Heart Shape Drop Necklace in 18K White Gold. Our professional staff takes inspiration from innovative concepts and then designs our jewellery. We take into account the latest trends from around the world. And we make sure that the jewels in Infinity Dubai are unique and exclusive in Barcelona city. We specialise in exclusive jewellery of diamonds, pearls, and precious and semi-precious stones, made in certified 18k gold and personalised artisan jewellery. Visit our\u00a0<a href=\"https:\/\/infinitydubai.eu\/en\/\">store<\/a>\u00a0and discover a more variety of necklaces in Barcelona!<\/span><\/p>\n","protected":false},"excerpt":{"rendered":"<p><span data-sheets-value=\"{&quot;1&quot;:2,&quot;2&quot;:&quot;Natural Ruby and Diamond Heart Shape Drop Necklace in 18K White Gold.&quot;}\" data-sheets-userformat=\"{&quot;2&quot;:14781,&quot;3&quot;:{&quot;1&quot;:0,&quot;3&quot;:1},&quot;5&quot;:{&quot;1&quot;:[{&quot;1&quot;:2,&quot;2&quot;:0,&quot;5&quot;:{&quot;1&quot;:2,&quot;2&quot;:0}},{&quot;1&quot;:0,&quot;2&quot;:0,&quot;3&quot;:3},{&quot;1&quot;:1,&quot;2&quot;:0,&quot;4&quot;:1}]},&quot;6&quot;:{&quot;1&quot;:[{&quot;1&quot;:2,&quot;2&quot;:0,&quot;5&quot;:{&quot;1&quot;:2,&quot;2&quot;:0}},{&quot;1&quot;:0,&quot;2&quot;:0,&quot;3&quot;:3},{&quot;1&quot;:1,&quot;2&quot;:0,&quot;4&quot;:1}]},&quot;7&quot;:{&quot;1&quot;:[{&quot;1&quot;:2,&quot;2&quot;:0,&quot;5&quot;:{&quot;1&quot;:2,&quot;2&quot;:0}},{&quot;1&quot;:0,&quot;2&quot;:0,&quot;3&quot;:3},{&quot;1&quot;:1,&quot;2&quot;:0,&quot;4&quot;:1}]},&quot;8&quot;:{&quot;1&quot;:[{&quot;1&quot;:2,&quot;2&quot;:0,&quot;5&quot;:{&quot;1&quot;:2,&quot;2&quot;:0}},{&quot;1&quot;:0,&quot;2&quot;:0,&quot;3&quot;:3},{&quot;1&quot;:1,&quot;2&quot;:0,&quot;4&quot;:1}]},&quot;10&quot;:1,&quot;11&quot;:4,&quot;14&quot;:{&quot;1&quot;:3,&quot;3&quot;:1},&quot;15&quot;:&quot;Calibri&quot;,&quot;16&quot;:9}\">Natural Ruby and Diamond Heart Shape Drop Necklace in 18K White Gold.<\/span><\/p>\n","protected":false},"featured_media":2095,"template":"","meta":{"_acf_changed":false,"_joinchat":[]},"product_brand":[],"product_cat":[229,1737],"product_tag":[],"class_list":{"0":"post-2094","1":"product","2":"type-product","3":"status-publish","4":"has-post-thumbnail","6":"product_cat-pendants","7":"product_cat-white-gold-necklaces","9":"first","10":"instock","11":"shipping-taxable","12":"purchasable","13":"product-type-simple"},"acf":[],"yoast_head":"<!-- This site is optimized with the Yoast SEO plugin v24.8.1 - https:\/\/yoast.com\/wordpress\/plugins\/seo\/ -->\n<title>Ruby and Diamond Drop Necklace in 18k White Gold - Infinity Dubai<\/title>\n<meta name=\"robots\" content=\"index, follow, max-snippet:-1, max-image-preview:large, max-video-preview:-1\" \/>\n<link rel=\"canonical\" href=\"https:\/\/infinitydubai.eu\/en\/jewel\/ruby-and-diamond-drop-necklace-in-18k-white-gold\/\" \/>\n<meta property=\"og:locale\" content=\"en_US\" \/>\n<meta property=\"og:type\" content=\"article\" \/>\n<meta property=\"og:title\" content=\"Ruby and Diamond Drop Necklace in 18k White Gold - Infinity Dubai\" \/>\n<meta property=\"og:url\" content=\"https:\/\/infinitydubai.eu\/en\/jewel\/ruby-and-diamond-drop-necklace-in-18k-white-gold\/\" \/>\n<meta property=\"og:site_name\" content=\"Infinity Dubai\" \/>\n<meta property=\"article:modified_time\" content=\"2022-05-24T12:23:22+00:00\" \/>\n<meta property=\"og:image\" content=\"https:\/\/infinitydubai.eu\/wp-content\/uploads\/2021\/11\/25.png\" \/>\n\t<meta property=\"og:image:width\" content=\"1080\" \/>\n\t<meta property=\"og:image:height\" content=\"1080\" \/>\n\t<meta property=\"og:image:type\" content=\"image\/png\" \/>\n<meta name=\"twitter:card\" content=\"summary_large_image\" \/>\n<meta name=\"twitter:label1\" content=\"Est. reading time\" \/>\n\t<meta name=\"twitter:data1\" content=\"1 minute\" \/>\n<script type=\"application\/ld+json\" class=\"yoast-schema-graph\">{\"@context\":\"https:\/\/schema.org\",\"@graph\":[{\"@type\":[\"WebPage\",\"ItemPage\"],\"@id\":\"https:\/\/infinitydubai.eu\/en\/jewel\/ruby-and-diamond-drop-necklace-in-18k-white-gold\/\",\"url\":\"https:\/\/infinitydubai.eu\/en\/jewel\/ruby-and-diamond-drop-necklace-in-18k-white-gold\/\",\"name\":\"Ruby and Diamond Drop Necklace in 18k White Gold - Infinity Dubai\",\"isPartOf\":{\"@id\":\"https:\/\/infinitydubai.eu\/en\/#website\"},\"primaryImageOfPage\":{\"@id\":\"https:\/\/infinitydubai.eu\/en\/jewel\/ruby-and-diamond-drop-necklace-in-18k-white-gold\/#primaryimage\"},\"image\":{\"@id\":\"https:\/\/infinitydubai.eu\/en\/jewel\/ruby-and-diamond-drop-necklace-in-18k-white-gold\/#primaryimage\"},\"thumbnailUrl\":\"https:\/\/infinitydubai.eu\/wp-content\/uploads\/2021\/11\/25.png\",\"datePublished\":\"2021-11-22T08:07:45+00:00\",\"dateModified\":\"2022-05-24T12:23:22+00:00\",\"breadcrumb\":{\"@id\":\"https:\/\/infinitydubai.eu\/en\/jewel\/ruby-and-diamond-drop-necklace-in-18k-white-gold\/#breadcrumb\"},\"inLanguage\":\"en-US\",\"potentialAction\":[{\"@type\":\"ReadAction\",\"target\":[\"https:\/\/infinitydubai.eu\/en\/jewel\/ruby-and-diamond-drop-necklace-in-18k-white-gold\/\"]}]},{\"@type\":\"ImageObject\",\"inLanguage\":\"en-US\",\"@id\":\"https:\/\/infinitydubai.eu\/en\/jewel\/ruby-and-diamond-drop-necklace-in-18k-white-gold\/#primaryimage\",\"url\":\"https:\/\/infinitydubai.eu\/wp-content\/uploads\/2021\/11\/25.png\",\"contentUrl\":\"https:\/\/infinitydubai.eu\/wp-content\/uploads\/2021\/11\/25.png\",\"width\":1080,\"height\":1080,\"caption\":\"Ruby and Diamond Drop Necklace is now available in\u00a0Infinity Dubai \u2013 Barcelona Store. Natural Ruby and Diamond Heart Shape Drop Necklace in 18K White Gold. Our professional staff takes inspiration from innovative concepts and then designs our jewellery. We take into account the latest trends from around the world. And we make sure that the jewels in Infinity Dubai are unique and exclusive in Barcelona city. We specialise in exclusive jewellery of diamonds, pearls, and precious and semi-precious stones, made in certified 18k gold and personalised artisan jewellery. Visit our\u00a0store\u00a0and discover a more variety of necklaces in Barcelona! Infinity Dubai tiene algo \u00fanico para todos. Cada una de nuestras piezas de joyer\u00eda es un dise\u00f1o \u00fanico, creado para cada ocasi\u00f3n, ofreciendo calidad certificada. Nuestras joyas est\u00e1n dise\u00f1adas por profesionales inspirados en conceptos innovadores. Tenemos en cuenta las \u00faltimas tendencias de todo el mundo. Y nos aseguramos de que las joyas que se encuentran en Infinity Dubai \u2013 Barcelona sean \u00fanicas y exclusivas. Nos especializamos en joyer\u00eda exclusiva de diamantes, perlas, piedras preciosas y semipreciosas, elaboradas en oro certificado 18k, as\u00ed como joyer\u00eda artesanal personalizada. \u00a1Visita\u00a0nuestra tienda\u00a0y descubre m\u00e1s variedad de collar\/colgantes en Barcelona!\"},{\"@type\":\"BreadcrumbList\",\"@id\":\"https:\/\/infinitydubai.eu\/en\/jewel\/ruby-and-diamond-drop-necklace-in-18k-white-gold\/#breadcrumb\",\"itemListElement\":[{\"@type\":\"ListItem\",\"position\":1,\"name\":\"Tienda\",\"item\":\"https:\/\/infinitydubai.eu\/tienda\/\"},{\"@type\":\"ListItem\",\"position\":2,\"name\":\"Ruby and Diamond Drop Necklace in 18k White Gold\"}]},{\"@type\":\"WebSite\",\"@id\":\"https:\/\/infinitydubai.eu\/en\/#website\",\"url\":\"https:\/\/infinitydubai.eu\/en\/\",\"name\":\"Infinity Dubai\",\"description\":\"Joyer\u00eda espa\u00f1ola especializada en diamantes, oro y joyas exclusivas como anillos de compromiso, pulseras, brazaletes y pendientes al mejor precio\",\"publisher\":{\"@id\":\"https:\/\/infinitydubai.eu\/en\/#organization\"},\"potentialAction\":[{\"@type\":\"SearchAction\",\"target\":{\"@type\":\"EntryPoint\",\"urlTemplate\":\"https:\/\/infinitydubai.eu\/en\/?s={search_term_string}\"},\"query-input\":{\"@type\":\"PropertyValueSpecification\",\"valueRequired\":true,\"valueName\":\"search_term_string\"}}],\"inLanguage\":\"en-US\"},{\"@type\":\"Organization\",\"@id\":\"https:\/\/infinitydubai.eu\/en\/#organization\",\"name\":\"Infinity Dubai\",\"url\":\"https:\/\/infinitydubai.eu\/en\/\",\"logo\":{\"@type\":\"ImageObject\",\"inLanguage\":\"en-US\",\"@id\":\"https:\/\/infinitydubai.eu\/en\/#\/schema\/logo\/image\/\",\"url\":\"https:\/\/infinitydubai.eu\/wp-content\/uploads\/2021\/03\/logo.png\",\"contentUrl\":\"https:\/\/infinitydubai.eu\/wp-content\/uploads\/2021\/03\/logo.png\",\"width\":305,\"height\":35,\"caption\":\"Infinity Dubai\"},\"image\":{\"@id\":\"https:\/\/infinitydubai.eu\/en\/#\/schema\/logo\/image\/\"}}]}<\/script>\n<!-- \/ Yoast SEO plugin. -->","yoast_head_json":{"title":"Ruby and Diamond Drop Necklace in 18k White Gold - Infinity Dubai","robots":{"index":"index","follow":"follow","max-snippet":"max-snippet:-1","max-image-preview":"max-image-preview:large","max-video-preview":"max-video-preview:-1"},"canonical":"https:\/\/infinitydubai.eu\/en\/jewel\/ruby-and-diamond-drop-necklace-in-18k-white-gold\/","og_locale":"en_US","og_type":"article","og_title":"Ruby and Diamond Drop Necklace in 18k White Gold - Infinity Dubai","og_url":"https:\/\/infinitydubai.eu\/en\/jewel\/ruby-and-diamond-drop-necklace-in-18k-white-gold\/","og_site_name":"Infinity Dubai","article_modified_time":"2022-05-24T12:23:22+00:00","og_image":[{"width":1080,"height":1080,"url":"https:\/\/infinitydubai.eu\/wp-content\/uploads\/2021\/11\/25.png","type":"image\/png"}],"twitter_card":"summary_large_image","twitter_misc":{"Est. reading time":"1 minute"},"schema":{"@context":"https:\/\/schema.org","@graph":[{"@type":["WebPage","ItemPage"],"@id":"https:\/\/infinitydubai.eu\/en\/jewel\/ruby-and-diamond-drop-necklace-in-18k-white-gold\/","url":"https:\/\/infinitydubai.eu\/en\/jewel\/ruby-and-diamond-drop-necklace-in-18k-white-gold\/","name":"Ruby and Diamond Drop Necklace in 18k White Gold - Infinity Dubai","isPartOf":{"@id":"https:\/\/infinitydubai.eu\/en\/#website"},"primaryImageOfPage":{"@id":"https:\/\/infinitydubai.eu\/en\/jewel\/ruby-and-diamond-drop-necklace-in-18k-white-gold\/#primaryimage"},"image":{"@id":"https:\/\/infinitydubai.eu\/en\/jewel\/ruby-and-diamond-drop-necklace-in-18k-white-gold\/#primaryimage"},"thumbnailUrl":"https:\/\/infinitydubai.eu\/wp-content\/uploads\/2021\/11\/25.png","datePublished":"2021-11-22T08:07:45+00:00","dateModified":"2022-05-24T12:23:22+00:00","breadcrumb":{"@id":"https:\/\/infinitydubai.eu\/en\/jewel\/ruby-and-diamond-drop-necklace-in-18k-white-gold\/#breadcrumb"},"inLanguage":"en-US","potentialAction":[{"@type":"ReadAction","target":["https:\/\/infinitydubai.eu\/en\/jewel\/ruby-and-diamond-drop-necklace-in-18k-white-gold\/"]}]},{"@type":"ImageObject","inLanguage":"en-US","@id":"https:\/\/infinitydubai.eu\/en\/jewel\/ruby-and-diamond-drop-necklace-in-18k-white-gold\/#primaryimage","url":"https:\/\/infinitydubai.eu\/wp-content\/uploads\/2021\/11\/25.png","contentUrl":"https:\/\/infinitydubai.eu\/wp-content\/uploads\/2021\/11\/25.png","width":1080,"height":1080,"caption":"Ruby and Diamond Drop Necklace is now available in\u00a0Infinity Dubai \u2013 Barcelona Store. Natural Ruby and Diamond Heart Shape Drop Necklace in 18K White Gold. Our professional staff takes inspiration from innovative concepts and then designs our jewellery. We take into account the latest trends from around the world. And we make sure that the jewels in Infinity Dubai are unique and exclusive in Barcelona city. We specialise in exclusive jewellery of diamonds, pearls, and precious and semi-precious stones, made in certified 18k gold and personalised artisan jewellery. Visit our\u00a0store\u00a0and discover a more variety of necklaces in Barcelona! Infinity Dubai tiene algo \u00fanico para todos. Cada una de nuestras piezas de joyer\u00eda es un dise\u00f1o \u00fanico, creado para cada ocasi\u00f3n, ofreciendo calidad certificada. Nuestras joyas est\u00e1n dise\u00f1adas por profesionales inspirados en conceptos innovadores. Tenemos en cuenta las \u00faltimas tendencias de todo el mundo. Y nos aseguramos de que las joyas que se encuentran en Infinity Dubai \u2013 Barcelona sean \u00fanicas y exclusivas. Nos especializamos en joyer\u00eda exclusiva de diamantes, perlas, piedras preciosas y semipreciosas, elaboradas en oro certificado 18k, as\u00ed como joyer\u00eda artesanal personalizada. \u00a1Visita\u00a0nuestra tienda\u00a0y descubre m\u00e1s variedad de collar\/colgantes en Barcelona!"},{"@type":"BreadcrumbList","@id":"https:\/\/infinitydubai.eu\/en\/jewel\/ruby-and-diamond-drop-necklace-in-18k-white-gold\/#breadcrumb","itemListElement":[{"@type":"ListItem","position":1,"name":"Tienda","item":"https:\/\/infinitydubai.eu\/tienda\/"},{"@type":"ListItem","position":2,"name":"Ruby and Diamond Drop Necklace in 18k White Gold"}]},{"@type":"WebSite","@id":"https:\/\/infinitydubai.eu\/en\/#website","url":"https:\/\/infinitydubai.eu\/en\/","name":"Infinity Dubai","description":"Joyer\u00eda espa\u00f1ola especializada en diamantes, oro y joyas exclusivas como anillos de compromiso, pulseras, brazaletes y pendientes al mejor precio","publisher":{"@id":"https:\/\/infinitydubai.eu\/en\/#organization"},"potentialAction":[{"@type":"SearchAction","target":{"@type":"EntryPoint","urlTemplate":"https:\/\/infinitydubai.eu\/en\/?s={search_term_string}"},"query-input":{"@type":"PropertyValueSpecification","valueRequired":true,"valueName":"search_term_string"}}],"inLanguage":"en-US"},{"@type":"Organization","@id":"https:\/\/infinitydubai.eu\/en\/#organization","name":"Infinity Dubai","url":"https:\/\/infinitydubai.eu\/en\/","logo":{"@type":"ImageObject","inLanguage":"en-US","@id":"https:\/\/infinitydubai.eu\/en\/#\/schema\/logo\/image\/","url":"https:\/\/infinitydubai.eu\/wp-content\/uploads\/2021\/03\/logo.png","contentUrl":"https:\/\/infinitydubai.eu\/wp-content\/uploads\/2021\/03\/logo.png","width":305,"height":35,"caption":"Infinity Dubai"},"image":{"@id":"https:\/\/infinitydubai.eu\/en\/#\/schema\/logo\/image\/"}}]}},"_links":{"self":[{"href":"https:\/\/infinitydubai.eu\/en\/wp-json\/wp\/v2\/product\/2094","targetHints":{"allow":["GET"]}}],"collection":[{"href":"https:\/\/infinitydubai.eu\/en\/wp-json\/wp\/v2\/product"}],"about":[{"href":"https:\/\/infinitydubai.eu\/en\/wp-json\/wp\/v2\/types\/product"}],"wp:featuredmedia":[{"embeddable":true,"href":"https:\/\/infinitydubai.eu\/en\/wp-json\/wp\/v2\/media\/2095"}],"wp:attachment":[{"href":"https:\/\/infinitydubai.eu\/en\/wp-json\/wp\/v2\/media?parent=2094"}],"wp:term":[{"taxonomy":"product_brand","embeddable":true,"href":"https:\/\/infinitydubai.eu\/en\/wp-json\/wp\/v2\/product_brand?post=2094"},{"taxonomy":"product_cat","embeddable":true,"href":"https:\/\/infinitydubai.eu\/en\/wp-json\/wp\/v2\/product_cat?post=2094"},{"taxonomy":"product_tag","embeddable":true,"href":"https:\/\/infinitydubai.eu\/en\/wp-json\/wp\/v2\/product_tag?post=2094"}],"curies":[{"name":"wp","href":"https:\/\/api.w.org\/{rel}","templated":true}]}}